{"id":25,"date":"2012-03-02T11:19:03","date_gmt":"2012-03-02T11:19:03","guid":{"rendered":"http:\/\/ardanaz.concejos.animsa.es\/?page_id=25"},"modified":"2015-04-13T12:03:16","modified_gmt":"2015-04-13T12:03:16","slug":"area-privada","status":"publish","type":"page","link":"http:\/\/www.ituren.eus\/es\/area-privada\/","title":{"rendered":"VIS\u00cdTANOS"},"content":{"rendered":"<p><\/p>\n<h1>D\u00d3NDE COMER Y DORMIR<\/h1>\n<ul>\n<li><strong>CASA RURAL &#8211; Alberroakoborda <\/strong>Web: <a title=\"web\" href=\"http:\/\/www.alberroakoborda.com\" target=\"_blank\">www.alberroakoborda.com<\/a><\/li>\n<li><strong><strong>CASA RURAL &#8211; Arzenea <\/strong><\/strong>Propietaria:Mar\u00eda Mercedes Erasun Ar\u00edztegui. Direcci\u00f3n:c.p. 31745 Ituren (NAVARRA) Tel\u00e9fono:948 45 04 41<\/li>\n<\/ul>\n<ul>\n<li><strong><strong>CASA RURAL &#8211; Galantenea <\/strong><\/strong>Propietaria:Mar\u00eda Victoria Elizalde Amigorena. <strong>Direcci\u00f3n: <\/strong>Barrio de Latsaga c.p. 31745 Ituren (NAVARRA) <strong>Tel\u00e9fono:<\/strong> 948 45 05 64<\/li>\n<\/ul>\n<ul>\n<li><strong>ALBERGUE ABARUN &#8211; Aurtizko Ostatua. <\/strong>Se encuentra en el centro del barrio de Aurtiz. Tiene 8 habitaciones con ba\u00f1o, debidamente equipadas y muy confortables. Dispone de servicio de bar y comedor. <strong>Direcci\u00f3n:<\/strong>Calle Baja (Aurtiz) c.p. 31745 Ituren (NAVARRA) <strong>Tel\u00e9fono:<\/strong> 948 45 00 67.<br \/>\nWeb: <a title=\"Facebook\" href=\"https:\/\/es-es.facebook.com\/pages\/Abarun-Aterpea-Albergue\/133096783527531\" target=\"_blank\">Facebook. <\/a><\/li>\n<li><strong>RESTAURANTE &#8211; Asador Altxunea <\/strong>Situado junto a la carretera, a la entrada del pueblo. M\u00e1s selecto, se puede comer exquisita carne o pescado a la brasa. Verano: Abierto todos los d\u00edas excepto los lunes.I nvierno: Abierto s\u00f3lo los fines de semana. <strong>Direcci\u00f3n:<\/strong>Calle Consejo 27 c.p. 31745 Ituren (NAVARRA) <strong>Tel\u00e9fono:<\/strong> 948 45 04 10<\/li>\n<\/ul>\n<ul>\n<li><strong>RESTAURANTE &#8211; Aurtizko Ostatua <\/strong>Carta y menu. Est\u00e1 en Aurtiz. <strong>Direcci\u00f3n: <\/strong>Calle Baja (Aurtiz) c.p. 31745 Ituren (NAVARRA) <strong>Tel\u00e9fono:<\/strong> 948 45 00 67<\/li>\n<li><strong>RESTAURANTE \/ BAR &#8211; Herriko Ostatua <\/strong>Situado en el centro del pueblo, en la plaza. Carta y men\u00fa. Restaurante tradicional Navarro con comida casera elaborada con productos de la comarca. Web: <a href=\"http:\/\/www.herrikoituren.com\/index.html\" target=\"_blank\">Herriko Ostatua<\/a><br \/>\nHorario: de lunes a jueves y domingo 7:30-21:00 h.; viernes y s\u00e1bado 7:30 \u2013 2:00 h.; Lunes y mi\u00e9rcoles tarde cerrado.<br \/>\n<strong>Direcci\u00f3n: <\/strong>Plaza s\/n. C.P. 31745 Ituren (NAVARRA) <strong>Tel\u00e9fono:<\/strong> 948 45 17 37\/629 349 713<\/li>\n<\/ul>\n<ul>\n<li><strong>TRESANEA APARTAMENTOS TUR\u00cdSTICOS- <\/strong>Web: <a title=\"Tresanea\" href=\"http:\/\/www.tresanea.com\/espanol\/aurkezpena.html\" target=\"_blank\">Tresanea.<\/a><\/li>\n<\/ul>\n<div id=\"contenido\">\n<h1>COSTUMBRES Y FIESTAS<\/h1>\n<p><strong>PRIMAVERA<\/strong><\/p>\n<ul>\n<li>El \u00faltimo domingo de mayo o el primero de Junio: <strong>Romer\u00eda a la ermita de la Trinidad<\/strong>. Tanto los vecinos de Ituren como los de los pueblos del entorno acuden masivamente a la cima del monte Mendaur, donde est\u00e1 ubicada la ermita de la Sant\u00edsima Trinidad. Tras la misa, gran parte de los asistentes goza de las horas centrales del d\u00eda en la cumbre y lugares adyacentes a la misma, especialmente en la zona del embalse denominado Arritzulegiko presa. Por la tarde y noche la fiesta prosigue en la plaza del pueblo. <a href=\"http:\/\/www.youtube.com\/watch?v=4rSEVIR0pGg\">Romer\u00eda Trinidad<\/a><\/li>\n<\/ul>\n<p><strong>VERANO<\/strong><\/p>\n<ul>\n<li><strong>Fiestas Patronales<\/strong>. No hay fecha exacta pero aproximadamente suele ser la segunda semana del mes de julio. Comienzan con viernes (v\u00edspera) y finalizan el martes.<\/li>\n<li>A mediados del mes de septiembre se celebra el \u00ab<strong><strong>Joaldunaren eguna<\/strong><\/strong>\u00ab. Es un homenaje a la figura del \u00abjoaldun\u00bb y consiste en un recorrido que realizan los joaldunes por el pueblo y los barrios hacia las 13:00 horas. Tras una exhibici\u00f3n de deporte rural, se celebra una comida, donde participa pr\u00e1cticamente todo el pueblo. La fiesta contin\u00faa hasta la madrugada.<\/li>\n<\/ul>\n<p><strong>OTO\u00d1O<\/strong><\/p>\n<ul>\n<li>En noviembre (11 de noviembre, d\u00eda de San Mart\u00edn) se celebran las fiestas de <strong>San Mart\u00edn<\/strong> en el barrio de Aurtitz.<\/li>\n<li>El mes de diciembre, el grupo cultural \u00abIbintza taldea\u00bb organiza una <strong>Semana Cultural<\/strong>.<\/li>\n<\/ul>\n<p><strong>INVIERNO<\/strong><\/p>\n<ul>\n<li>5 de enero, <strong>V\u00edspera de Reyes<\/strong>. Se celebra con cena y baile como anuncio de los pr\u00f3ximos carnavales. De madrugada, se acercan a ella los \u00abjoaldunes\u00bb de Zubieta para continuar la fiesta, y hablan entre todos sobre la fiesta que est\u00e1 a punto de llegar.<\/li>\n<li><strong>Carnavales.<\/strong>En el apartado folcl\u00f3rico, Ituren cuenta con una de las expresiones m\u00e1s ancestrales de los carnavales en Navarra. Su figura representativa es el <strong>joaldun<\/strong>(palabra compuesta de joare &#8216;cencerro&#8217; y del sufijo posesivo -dun &#8216;personaje que porta cencerros&#8217;). Ituren y Zubieta (distantes entre s\u00ed en tres kil\u00f3metros), son los pueblos originarios de los joaldunak, aunque cada pueblo mantiene matices espec\u00edficos en la forma de hacerlos sonar y en la indumentaria del personaje. En los \u00faltimos a\u00f1os, la figura de los joaldunak ha trascendido a otros pueblos de Euskal Herria.La indumentaria del joaldun de Ituren consta de los siguientes elementos:\n<ul>\n<li><strong>Ttuntturo o gorro c\u00f3nico<\/strong>, aproximadamente de medio metro de altura, con cintas de colores y coronado con plumas de ave.<\/li>\n<li><strong>Pa\u00f1uelo<\/strong> de tonos rojizos al cuello.<\/li>\n<li><strong>Camisa cubierta por una piel de ov<\/strong>eja a modo de gran chaleco.<\/li>\n<li><strong>Faja en la cintura<\/strong>, en la que se apoyan, a la vez que se ocultan, las cuerdas que sujetan los cencerros.<\/li>\n<li><strong>Enagua blanca sobre los pantalones<\/strong> que llega hasta debajo de la rodilla.<\/li>\n<li><strong>Abarkas, &#8216;calzado de goma&#8217;<\/strong>, sujetas con cuerdas por encima de los calcetines blancos.<\/li>\n<li><strong>Dos grandes cencerros de cobre<\/strong> (de una capacidad aproximada de diez litros cada uno) que penden de la cintura y otros dos peque\u00f1itos, a modo de adorno, a la altura de la espalda.<\/li>\n<li><strong>Un hisopo<\/strong>, hecho con crin de caballo, sujeto con la mano derecha.<\/li>\n<\/ul>\n<p>La diferencia en la indumentaria de los joaldunak de Zubieta estriba en que \u00e9sta no incluye la pelliza de piel con los dos cencerros peque\u00f1os sobre la camisa que es blanca y en que el pa\u00f1uelo del cuello es m\u00e1s peque\u00f1o y de cuadros azules.<\/p>\n<p>Ituren y Zubieta celebran los carnavales conjuntamente. El lunes y martes de la \u00faltima semana de enero, los joaldunak de ambas localidades comienzan con el desfile, el lunes en Ituren y el martes en Zubieta, en torno al mediod\u00eda.<\/p>\n<p>El lunes, los joaldunak de Zubieta parten hacia Ituren. Son recibidos por los del barrio ittundarra de Aurtitz y juntos ir\u00e1n hacia el barrio de Latsaga, para, tras pasar sobre el puente de \u00abZubiburu\u00bb, juntarse con los de Ituren. En este punto comienza el desfile conjunto de unos cuarenta o cincuenta joaldunak (entre ochenta y cien cencerros) que, tras recorrer todo el n\u00facleo de Ituren, finaliza en la plaza del pueblo.<\/p>\n<p>Al d\u00eda siguiente, martes, son los de Ituren los que devuelven la visita a los de Zubieta.<\/p>\n<p>Los joaldunak desfilan en dos hileras, con movimientos r\u00edtmicos y acompasados, logrando hacer sonar sus cencerros al un\u00edsono.<\/p>\n<p>El desfile adquiere un aspecto ritual ligado \u00edntimamente a la naturaleza.<\/p>\n<p>Uno de los dos joaldun de la primera fila hace sonar intermitentemente un cuerno y lanza unos gritos que marcan, por decirlo as\u00ed, el ritmo del desfile.<\/p>\n<p>Se cree que el sonido r\u00edtmico y estremecedor que producen ahuyenta a los malos esp\u00edritus y despierta las energ\u00edas adormecidas de la tierra.<\/p>\n<p>Ituren y Zubieta, distantes entre s\u00ed en tres kil\u00f3metros, son los pueblos originarios de los joaldunak aunque, como hemos visto, cada pueblo mantiene matices espec\u00edficos en la forma de hacerlos sonar y en la indumentaria del personaje.<\/p>\n<p>Es preciso advertir que la aplicaci\u00f3n del nombre zanpantzar a los <strong>joaldunak de Ituren y Zubieta<\/strong> ha sido efectuada muy recientemente (a partir de la d\u00e9cada de 1960) por personas totalmente ajenas a los pueblos de Ituren y Zubieta, como consecuencia de intentar buscar semejanzas o paralelismos del joaldun con otros personajes del folclore vasco, como Saint Pansard, Olentzero, <abbr title=\"etc\u00e9tera\">etc<\/abbr>. La denominaci\u00f3n zanpantzar no tiene tradici\u00f3n alguna en ambos pueblos, que no han conocido ni utilizado otro nombre que el de joaldun para denominar a su personaje hist\u00f3rico, a saber, los joaldunak de Ituren y Zubieta.<\/li>\n<\/ul>\n<div id=\"caja_blanca\">\n<div id=\"tit_enviar_imprimir\">\n<h1>QU\u00c9 VISITAR<\/h1>\n<p><a id=\"comienzocontenido\" name=\"comienzocontenido\"><\/a><\/p>\n<\/div>\n<\/div>\n<div id=\"contenido\">\n<p><strong>MONUMENTOS RELIGIOSOS<\/strong><\/p>\n<ul>\n<li><strong>Iglesia San Mart\u00edn de Tours.<\/strong> Constru\u00edda en el siglo XVI y remodelada, en parte, en el XVIII, se alza en un peque\u00f1o mont\u00edculo ubicado en medio de los tres n\u00facleos de poblaci\u00f3n. Destaca en ella el retablo mayor, de estilo tardorromanista de comienzos del siglo XVII, que conserva su policrom\u00eda original. Dicho retablo fue realizado por el maestro ensamblador Juan de Huizi, vecino de Lumbier y perteneciente al taller de dicha localidad. El maestro Huizi se asent\u00f3 en Doneztebe \/ Santesteban al casarse con Marta de Zozaia, de la casa Juanmigelenea de dicha localidad. El retablo le fue encargado por el cl\u00e9rigo Joan de Ituren, hijo del palacio de Ituren y licenciado en la universidad de Salamanca.<\/li>\n<li><strong>Ermita de la Sant\u00edsima Trinidad<\/strong>. Fue alzada el a\u00f1o 1693 en la cima del monte Mendaur a 1.136 metros de altura. Dado el avanzado estado de ruina que presentaba, se reedific\u00f3 por completo el a\u00f1o 1963.<\/li>\n<li><strong>Ermita de San Joaqu\u00edn y Santa Ana.<\/strong> Est\u00e1 situada a unos diez minutos de la iglesia parroquial. Fue constru\u00edda en 1687 y remodelada en 1956. Procedente de esta ermita se conserva una imagen g\u00f3tica de la Virgen con el Ni\u00f1o, de alabastro parcialmente policromado, de importaci\u00f3n inglesa y perteneciente al per\u00edodo de los a\u00f1os 1370-1420.<\/li>\n<\/ul>\n<p><strong>MONUMENTOS CIVILES<\/strong><\/p>\n<ul>\n<li>Las <strong>casas<\/strong>, en general, se caracterizan por una arquitectura cuidada, propia y t\u00edpica de todo el entorno geogr\u00e1fico. Se trata de caserones exentos, en la mayor\u00eda de los casos de planta baja m\u00e1s dos o tres en altura, tejados a dos o cuatro aguas y escudos labrados en piedra incrustados en las fachadas de muchos de ellos. Cronol\u00f3gicamente van desde el siglo XV hasta la actualidad, pues hay alguna de vestigios g\u00f3ticos, como la casa Argi\u00f1enea del barrio de Ituren y otras que reflejan caracter\u00edsticas propias del XVI. Destacan, sin embargo, por su volumen y grandiosidad algunas construcciones de los siglos XVIII y XIX, como por ejemplo Aranburunea, Bizarronea, <span lang=\"eu\">Joansantzenea<\/span>, Tresanea, Zaraindia&#8230; entre otras.<\/li>\n<li><strong>Casa Consistorial<\/strong>. Situada en la plaza del pueblo. El edificio, de mediados del siglo XVIII, es de planta baja y tres elevadas. Tiene porche conformado por tres arcos en la fachada y uno en la parte lateral, balc\u00f3n a la altura de la segunda planta y escudo del pueblo labrado en piedra en la tercera. Remodelada hace algunos a\u00f1os en su interior, incluye servicio de posada en la planta baja, oficinas del Ayuntamiento en la primera, Colegio P\u00fablico de educaci\u00f3n infantil y primaria en la segunda y sal\u00f3n recreativo-cultural en la tercera.<\/li>\n<li><strong>Palacio de Ituren<\/strong>. Hay noticias de la existencia del palacio de Ituren desde la Baja Edad Media. En 1712 Juan Bautista Cortajarena, indiano, conocido popularmente bajo el apelativo \u00abburro de oro\u00bb, compr\u00f3 el palacio con todas sus pertenencias. Tras derruir el palacio existente, procedi\u00f3 a construir en el mismo solar el edificio actual que estaba terminado para 1715. Consta de planta baja y tres elevadas, con frente y lateral de piedra de siller\u00eda, escudo barroco en la fachada y una puerta de arco de medio punto con dovelas labradas con motivos geom\u00e9tricos en el lateral. El tejado se asienta en un amplio alero de madera de dos \u00f3rdenes. Es uno de los palacios de cabo de armer\u00eda incluidos en la n\u00f3mina oficial del Reino, cuyo escudo en el siglo XVI era de dos fajas de azur en campo de oro.<\/li>\n<li>En Ituren pueden verse dos hermosos <strong>puentes medievales<\/strong> sobre el r\u00edo Ezkurra, que conservan su factura original, con gran arco de medio punto y lomo de dromedario. Se trata de <strong><span lang=\"eu\"><strong>Marizeneko zubia<\/strong><\/span><\/strong> en el barrio de Ituren y del situado en el acceso del barrio de Latsaga al de Aurtitz, junto al t\u00e9rmino de Argisuru, remodelado conforme a su construcci\u00f3n originaria. Al parecer, el denominado <strong><span lang=\"eu\"><strong>Latsagako zubia<\/strong><\/span><\/strong>, que se encuentra en el acceso del barrio de Ituren al de Latsaga, constru\u00eddo en 1544 por el maestro cantero de Doneztebe Miguel de Amasa, era similar a los anteriores, pero tras derumbarse a primeros del siglo XX, fue sustitu\u00eddo por otro de factura totalmente distinta, como puede apreciarse en la actualidad.<\/li>\n<li><strong>Molino de Ituren<\/strong>. Su existencia data, al menos, desde el siglo XVI, pero el edificio actual fue reconstru\u00eddo en el siglo XVIII. Tiene en su fachada el escudo del pueblo labrado en piedra, en el cual puede leerse la inscripci\u00f3n \u00abla valle de Ituren\u00bb. Est\u00e1 ubicado en medio de los tres barrios, pero en la d\u00e9cada de 1970 dej\u00f3 de ejercer las funciones de molino, al instalarse en su entorno una piscifactor\u00eda, actualmente propiedad del Gobierno de Navarra.<\/li>\n<li>La <strong>arquitectura popular<\/strong> es muy bella pues mantiene la hermosa tipolog\u00eda de la casa del valle. Se conservan balcones de madera torneada. Las casas son, a veces, del siglo XVII pero hay alguna con vestigios g\u00f3ticos. \u00abCasa Tresanea\u00bb, \u00abCasa Zaraindia\u00bb, \u00abCasa Tuniz\u00bb y \u00abCasa Bizarrenea\u00bb son algunos de los caserones de inter\u00e9s que se pueden encontrar en Ituren.<\/li>\n<\/ul>\n<h1>OTROS ATRACTIVOS TUR\u00cdSTICOS<\/h1>\n<p>Ituren, municipio de por si bello, tiene muchos lugares atractivos para el turista.<\/p>\n<ul>\n<li><strong>Antiguos lavaderos:<\/strong> Si se desplaza un poco por las sendas de la villa, se pueden encontrar preciosos paisajes. Caminando podemos tropezar en diferentes lugares con antiguos lavaderos, todav\u00eda bien conservados.<\/li>\n<li><strong>D\u00f3lmenes:<\/strong> En el monte, est\u00e1n ya trazadas para un futuro, traves\u00edas donde se pueden observar los seis d\u00f3lmenes que se reparten por las monta\u00f1as. Entre ellos destaca el d\u00f3lmen \u00ab<span lang=\"eu\">Baikuntzeko etxola<\/span>\u00ab. Es una tumba megal\u00edtica de la Edad del Bronce (del V al I milenio <abbr title=\"antes de Cristo\">a.C.<\/abbr>) formada por un t\u00famulo de piedras que semicubren una c\u00e1mara funeraria. La losa superior est\u00e1 ca\u00edda a un lado.Los d\u00f3lmenes aparecen orientados E.O. y se colocaba al muerto con los pies orientados a la salida del sol y la cabeza a poniente. Hay hallados en el t\u00e9rmino de Ituren otros 5 d\u00f3lmenes m\u00e1s, lo que evidencia el asentamiento de culturas pastoriles desde hace milenios.<\/li>\n<\/ul>\n<\/div>\n<\/div>\n<p><\/p>","protected":false},"excerpt":{"rendered":"<p>D\u00d3NDE COMER Y DORMIR CASA RURAL &#8211; Alberroakoborda Web: www.alberroakoborda.com CASA RURAL &#8211; Arzenea Propietaria:Mar\u00eda Mercedes Erasun Ar\u00edztegui. Direcci\u00f3n:c.p. 31745 Ituren (NAVARRA) Tel\u00e9fono:948 45 04 41 CASA RURAL &#8211; Galantenea Propietaria:Mar\u00eda Victoria Elizalde Amigorena. Direcci\u00f3n: Barrio de Latsaga c.p. 31745&hellip; <\/p>\n","protected":false},"author":2,"featured_media":0,"parent":0,"menu_order":12,"comment_status":"open","ping_status":"closed","template":"","meta":{"_monsterinsights_skip_tracking":false,"_monsterinsights_sitenote_active":false,"_monsterinsights_sitenote_note":"","_monsterinsights_sitenote_category":0,"footnotes":""},"class_list":["post-25","page","type-page","status-publish","hentry"],"yoast_head":"<!-- This site is optimized with the Yoast SEO plugin v26.8 - https:\/\/yoast.com\/product\/yoast-seo-wordpress\/ -->\r\n<title>BISITA GAITAZUVIS\u00cdTANOS - Ayuntamiento de Ituren<\/title>\r\n<meta name=\"robots\" content=\"index, follow, max-snippet:-1, max-image-preview:large, max-video-preview:-1\" \/>\r\n<link rel=\"canonical\" href=\"http:\/\/www.ituren.eus\/es\/area-privada\/\" \/>\r\n<meta property=\"og:locale\" content=\"es_ES\" \/>\r\n<meta property=\"og:type\" content=\"article\" \/>\r\n<meta property=\"og:title\" content=\"BISITA GAITAZUVIS\u00cdTANOS - Ayuntamiento de Ituren\" \/>\r\n<meta property=\"og:description\" content=\"D\u00d3NDE COMER Y DORMIR CASA RURAL &#8211; Alberroakoborda Web: www.alberroakoborda.com CASA RURAL &#8211; Arzenea Propietaria:Mar\u00eda Mercedes Erasun Ar\u00edztegui. Direcci\u00f3n:c.p. 31745 Ituren (NAVARRA) Tel\u00e9fono:948 45 04 41 CASA RURAL &#8211; Galantenea Propietaria:Mar\u00eda Victoria Elizalde Amigorena. Direcci\u00f3n: Barrio de Latsaga c.p. 31745&hellip;\" \/>\r\n<meta property=\"og:url\" content=\"http:\/\/www.ituren.eus\/es\/area-privada\/\" \/>\r\n<meta property=\"og:site_name\" content=\"Ayuntamiento de Ituren\" \/>\r\n<meta property=\"article:modified_time\" content=\"2015-04-13T12:03:16+00:00\" \/>\r\n<meta name=\"twitter:card\" content=\"summary_large_image\" \/>\r\n<meta name=\"twitter:label1\" content=\"Tiempo de lectura\" \/>\n\t<meta name=\"twitter:data1\" content=\"17 minutos\" \/>\r\n<script type=\"application\/ld+json\" class=\"yoast-schema-graph\">{\"@context\":\"https:\/\/schema.org\",\"@graph\":[{\"@type\":\"WebPage\",\"@id\":\"http:\/\/www.ituren.eus\/es\/area-privada\/\",\"url\":\"http:\/\/www.ituren.eus\/es\/area-privada\/\",\"name\":\"BISITA GAITAZUVIS\u00cdTANOS - Ayuntamiento de Ituren\",\"isPartOf\":{\"@id\":\"http:\/\/www.ituren.eus\/es\/#website\"},\"datePublished\":\"2012-03-02T11:19:03+00:00\",\"dateModified\":\"2015-04-13T12:03:16+00:00\",\"breadcrumb\":{\"@id\":\"http:\/\/www.ituren.eus\/es\/area-privada\/#breadcrumb\"},\"inLanguage\":\"es\",\"potentialAction\":[{\"@type\":\"ReadAction\",\"target\":[\"http:\/\/www.ituren.eus\/es\/area-privada\/\"]}]},{\"@type\":\"BreadcrumbList\",\"@id\":\"http:\/\/www.ituren.eus\/es\/area-privada\/#breadcrumb\",\"itemListElement\":[{\"@type\":\"ListItem\",\"position\":1,\"name\":\"Portada\",\"item\":\"http:\/\/www.ituren.eus\/es\/\"},{\"@type\":\"ListItem\",\"position\":2,\"name\":\"VIS\u00cdTANOS\"}]},{\"@type\":\"WebSite\",\"@id\":\"http:\/\/www.ituren.eus\/es\/#website\",\"url\":\"http:\/\/www.ituren.eus\/es\/\",\"name\":\"Ayuntamiento de Ituren\",\"description\":\"Ayuntamiento de Ituren\",\"potentialAction\":[{\"@type\":\"SearchAction\",\"target\":{\"@type\":\"EntryPoint\",\"urlTemplate\":\"http:\/\/www.ituren.eus\/es\/?s={search_term_string}\"},\"query-input\":{\"@type\":\"PropertyValueSpecification\",\"valueRequired\":true,\"valueName\":\"search_term_string\"}}],\"inLanguage\":\"es\"}]}<\/script>\r\n<!-- \/ Yoast SEO plugin. -->","yoast_head_json":{"title":"BISITA GAITAZUVIS\u00cdTANOS - Ayuntamiento de Ituren","robots":{"index":"index","follow":"follow","max-snippet":"max-snippet:-1","max-image-preview":"max-image-preview:large","max-video-preview":"max-video-preview:-1"},"canonical":"http:\/\/www.ituren.eus\/es\/area-privada\/","og_locale":"es_ES","og_type":"article","og_title":"BISITA GAITAZUVIS\u00cdTANOS - Ayuntamiento de Ituren","og_description":"D\u00d3NDE COMER Y DORMIR CASA RURAL &#8211; Alberroakoborda Web: www.alberroakoborda.com CASA RURAL &#8211; Arzenea Propietaria:Mar\u00eda Mercedes Erasun Ar\u00edztegui. Direcci\u00f3n:c.p. 31745 Ituren (NAVARRA) Tel\u00e9fono:948 45 04 41 CASA RURAL &#8211; Galantenea Propietaria:Mar\u00eda Victoria Elizalde Amigorena. Direcci\u00f3n: Barrio de Latsaga c.p. 31745&hellip;","og_url":"http:\/\/www.ituren.eus\/es\/area-privada\/","og_site_name":"Ayuntamiento de Ituren","article_modified_time":"2015-04-13T12:03:16+00:00","twitter_card":"summary_large_image","twitter_misc":{"Tiempo de lectura":"17 minutos"},"schema":{"@context":"https:\/\/schema.org","@graph":[{"@type":"WebPage","@id":"http:\/\/www.ituren.eus\/es\/area-privada\/","url":"http:\/\/www.ituren.eus\/es\/area-privada\/","name":"BISITA GAITAZUVIS\u00cdTANOS - Ayuntamiento de Ituren","isPartOf":{"@id":"http:\/\/www.ituren.eus\/es\/#website"},"datePublished":"2012-03-02T11:19:03+00:00","dateModified":"2015-04-13T12:03:16+00:00","breadcrumb":{"@id":"http:\/\/www.ituren.eus\/es\/area-privada\/#breadcrumb"},"inLanguage":"es","potentialAction":[{"@type":"ReadAction","target":["http:\/\/www.ituren.eus\/es\/area-privada\/"]}]},{"@type":"BreadcrumbList","@id":"http:\/\/www.ituren.eus\/es\/area-privada\/#breadcrumb","itemListElement":[{"@type":"ListItem","position":1,"name":"Portada","item":"http:\/\/www.ituren.eus\/es\/"},{"@type":"ListItem","position":2,"name":"VIS\u00cdTANOS"}]},{"@type":"WebSite","@id":"http:\/\/www.ituren.eus\/es\/#website","url":"http:\/\/www.ituren.eus\/es\/","name":"Ayuntamiento de Ituren","description":"Ayuntamiento de Ituren","potentialAction":[{"@type":"SearchAction","target":{"@type":"EntryPoint","urlTemplate":"http:\/\/www.ituren.eus\/es\/?s={search_term_string}"},"query-input":{"@type":"PropertyValueSpecification","valueRequired":true,"valueName":"search_term_string"}}],"inLanguage":"es"}]}},"_links":{"self":[{"href":"http:\/\/www.ituren.eus\/es\/wp-json\/wp\/v2\/pages\/25","targetHints":{"allow":["GET"]}}],"collection":[{"href":"http:\/\/www.ituren.eus\/es\/wp-json\/wp\/v2\/pages"}],"about":[{"href":"http:\/\/www.ituren.eus\/es\/wp-json\/wp\/v2\/types\/page"}],"author":[{"embeddable":true,"href":"http:\/\/www.ituren.eus\/es\/wp-json\/wp\/v2\/users\/2"}],"replies":[{"embeddable":true,"href":"http:\/\/www.ituren.eus\/es\/wp-json\/wp\/v2\/comments?post=25"}],"version-history":[{"count":1,"href":"http:\/\/www.ituren.eus\/es\/wp-json\/wp\/v2\/pages\/25\/revisions"}],"predecessor-version":[{"id":330,"href":"http:\/\/www.ituren.eus\/es\/wp-json\/wp\/v2\/pages\/25\/revisions\/330"}],"wp:attachment":[{"href":"http:\/\/www.ituren.eus\/es\/wp-json\/wp\/v2\/media?parent=25"}],"curies":[{"name":"wp","href":"https:\/\/api.w.org\/{rel}","templated":true}]}}