{"id":6,"date":"2012-03-01T13:01:41","date_gmt":"2012-03-01T13:01:41","guid":{"rendered":"http:\/\/ardanaz.concejos.animsa.es\/?page_id=5"},"modified":"2018-06-26T09:39:19","modified_gmt":"2018-06-26T07:39:19","slug":"araitz","status":"publish","type":"page","link":"http:\/\/www.ituren.eus\/es\/araitz\/","title":{"rendered":"ITUREN"},"content":{"rendered":"<p><\/p>\n<ul>\n<li><strong>Categor\u00eda Hist\u00f3rica:<\/strong> Villa.<\/li>\n<li><strong>Categor\u00eda Administrativa:<\/strong> Municipio.<\/li>\n<li><strong>Partido Judicial:<\/strong> Pamplona.<\/li>\n<li><strong>Merindad:<\/strong> Pamplona.<\/li>\n<li><strong>Comarca geogr\u00e1fica:<\/strong> Valle de Santesteban.<\/li>\n<li><strong>Poblaci\u00f3n en 2006:<\/strong> 477 habitantes.<\/li>\n<li><strong>Superficie:<\/strong> 15,4 <abbr title=\"kil\u00f3metros cuadrados\">Km\u00b2<\/abbr>.<\/li>\n<li><strong>Densidad de poblaci\u00f3n:<\/strong> 30,649 habitantes\/<abbr title=\"kil\u00f3metro cuadrado\">Km\u00b2<\/abbr>.<\/li>\n<li><strong>Altitud en el Ayuntamiento:<\/strong> 225 metros.<\/li>\n<li><strong>Comunicaciones:<\/strong> Se encuentra situado en la carretera comarcal NA-170, Lekunberri-Leitza-Santesteban.<\/li>\n<li><strong>Geograf\u00eda:<\/strong> Situado en el Valle de Malerreka, sus habitantes est\u00e1n distribuidos en cuatro barrios: Ituren, Aurtitz, Latsaga y Ameztia (caser\u00edos). Limita al Norte con Aranaz y los Montes de Bidasoa y Berroar\u00e1n, al Este con Elgorriaga y Santesteban, al Sur con Oitz y Urroz de Santesteban y al Oeste con Zubieta.<\/li>\n<li><strong>Gentilicio:<\/strong> Ittundarra.<\/li>\n<li><strong>Otros datos econ\u00f3micos y sociales: <\/strong><a title=\"Estudio de Caja Espa\u00f1a.\" href=\"http:\/\/www.cajaespana.es\/pubweb\/decyle.nsf\/PorMunicipios\/1EAE5169B8733843C1256DC1005440B9\/$File\/31129.PDF?OpenElement\" target=\"_blank\">Estudio de Caja Espa\u00f1a.<\/a><\/li>\n<\/ul>\n<h1>Enclave<\/h1>\n<p>Ituren es un pueblo situado en la parte denominada geogr\u00e1ficamente Navarra H\u00fameda del Noroeste, dentro del valle hist\u00f3rico de Santesteban de Ler\u00edn, que actuamente conforma el valle de Malerreka. Se encuentra en la carretera comarcal NA-170 que une Lekunberri con Doneztebe \/ Santesteban.<\/p>\n<p>La localidad est\u00e1 dividida en tres n\u00facleos de poblaci\u00f3n: el principal denominado Ituren, en el que se ubican la Casa Consistorial y principales servicios, y los barrios de Aurtitz y Latsaga. Cuenta, asimismo, con un conjunto de caser\u00edos diseminados en el monte Ameztia, situados a unos tres kil\u00f3metros, a los que se accede a trav\u00e9s de los barrios de Ituren y Latsaga.<\/p>\n<h1><strong>Paisaje<\/strong><\/h1>\n<p>El relieve del t\u00e9rmino municipal presenta fuertes contrastes, desde la terraza fluvial del r\u00edo Ezkurra en la que se asientan los tres barrios a una altitud aproximada de 200 metros hasta la cumbre del monte Mendaur que alcanza los 1.136 metros.<\/p>\n<p>El paisaje de Ituren es verde y monta\u00f1oso.<\/p>\n<p>Hay que destacar los montes de Asurdi, Armaurri, Sorano, Ameztia, y sobre todo el <strong>Mendaur<\/strong> (1136 metros). Estos est\u00e1n poblados de hayas, robles y casta\u00f1os.<\/p>\n<p>El monte Mendaur es un excelente mirador de las comarcas de Baztan, Bertizarana-Malerreka y Bortziri. En su cima se encuentra la ermita de la Trinidad, construida en 1692 (seg\u00fan inscripci\u00f3n). De camino hacia Mendaur no se puede olvidar el \u00abEmbalse de Mendaur\u00bb, con una capacidad de 785.000 metros c\u00fabicos\u00a0y que aprovecha su agua para producci\u00f3n de energ\u00eda el\u00e9ctrica.<\/p>\n<p>El r\u00edo principal que atraviesa la villa es el <strong>r\u00edo Ezkurra<\/strong>. Nace de la confluencia de varios barrancos que drenan la vertiente oriental del Alto de Ezkurra y desemboca en la margen izquierda del r\u00edo Bidasoa en las inmediaciones de Santesteban.<\/p>\n<p>Su principal afluente en Ituren es el Armaurri, que desciende de los montes Mendaur y Ekaitza. En la cabecera de este torrente se instala la presa de Mendaur.<\/p>\n<p>La regata de Ezkurra ofrece buenas posibilidades para la pesca de la trucha.<\/p>\n<h1><strong>Flora y fauna<\/strong><\/h1>\n<p>La <strong>vegetaci\u00f3n<\/strong> que puebla las riberas de Ituren son alisedas, que en correspondencia con la pendiente de las orillas adoptan una disposici\u00f3n lineal en las topograf\u00edas abruptas o se extienden unos metros a lo ancho cuando el valle se abre. Adem\u00e1s del aliso entran en el bosque ribere\u00f1o el arcl\u00e1n, el sauce ceniciento y cabruno, el fresno de hoja ancha y el olmo de monta\u00f1a. Los arbustos como el sauco negro avellano, las rosas, zarzamoras y en ocasiones el boj, ocupan las zonas donde la aliseda se encuentra parcial o totalmente destruida.<\/p>\n<p>Los <strong>mam\u00edferos<\/strong> que habitan en el r\u00edo y su entorno son el tur\u00f3n, la marta, la fuina o gardu\u00f1a y el tej\u00f3n. No faltan en los bosques del entorno la ardilla, la musara\u00f1a enana, la musara\u00f1a de Millet y el topillo rojo. La presencia del jabal\u00ed y el corzo se detecta por los rastros dejados en la zona.<\/p>\n<p>El grupo de <strong>aves<\/strong> est\u00e1 formado por el vistoso mart\u00edn pescador, las lavanderas blanca y cascade\u00f1a y por numerosas aves de porte reducido como el carbonero palustre, el choc\u00edn petirrojo, zorzal com\u00fan, las bisbitas ribere\u00f1a y arb\u00f3rea, la tarabilla com\u00fan, el trepador azul, el agateador com\u00fan, el zorzal com\u00fan y el herrrerillo capuchino. Entre las rapaces no faltan el favi\u00e1n, el azor, el ratonero, el c\u00e1rbao y el aguilucho p\u00e1lido, este \u00faltimo sobrevolando los espacios de landa y pastizales. Entre los p\u00e1jaros carpinteros se detecta la presencia del pito real, pico picapinos y el pico menor.<\/p>\n<h1><strong>Clima<\/strong><\/h1>\n<p>El clima de Ituren es variable: Invierno fr\u00edo y lluvioso y verano caluroso. La primavera y el oto\u00f1o son buenos en general.<\/p>\n<p>Podemos clasificar el clima como de tipo templado-oce\u00e1nico, por su posici\u00f3n geogr\u00e1fica cercana al Cant\u00e1brico. La caracter\u00edstica clim\u00e1tica m\u00e1s evidente es la elevada pluviometr\u00eda, repartida de forma regular a lo largo del a\u00f1o. Todo el t\u00e9rmino se encuentra en el paso de las borrascas de procedencia atl\u00e1ntica y \u00e9stas son tambi\u00e9n activas durante el verano; por tanto, no se aprecia periodo de sequ\u00eda alguno. Los valores pluviom\u00e9tricos oscilan alrededor de los 1.800 <abbr title=\"mil\u00edmetros\">mm<\/abbr>, ca\u00eddos en unos 180 d\u00edas de precipitaci\u00f3n.<\/p>\n<p>Las temperaturas son moderadas; la media anual ronda los 13-14 <abbr title=\"grados Cent\u00edgrados\">\u00baC<\/abbr>.<\/p>\n<p>En invierno pueden ser frecuentes las precipitaciones nivosas, aunque el manto blanco no perdura largo tiempo. Las temperaturas tambi\u00e9n descienden en las \u00e1reas m\u00e1s monta\u00f1osas.<\/p>\n<div id=\"caja_blanca\">\n<div id=\"tit_enviar_imprimir\">\n<h1><strong>HISTORIA<\/strong><\/h1>\n<\/div>\n<\/div>\n<div id=\"contenido\">\n<p>Aunque los estudios hist\u00f3ricos de Navarra han aportado pocos datos de la historia de los pueblos del valle de Malerreka y su entorno hasta bien entrada la Baja Edad Media, existen testimonios que evidencian asentamientos humanos en Ituren desde muy antiguo. Se deduce la presencia de grupos pastoriles prehist\u00f3ricos a trav\u00e9s de los seis d\u00f3lmenes dispersos en su t\u00e9rmino.<\/p>\n<p>Alguno de ellos, como es el caso de Baikuntzako etxola, est\u00e1 datado como tumba megal\u00edtica de la Edad de Bronce (posiblemente del II milenio <abbr title=\"antes de Cristo\">a.C.<\/abbr>). Para el a\u00f1o 1280 se hace menci\u00f3n del castillo y fortaleza de Oltzorrotz y consta que en 1350 el lugar de Ituren contaba con 25 fuegos y el de Aurtitz con 14.<\/p>\n<p>Al parecer, en 1536 los lugares de Aurtitz, Latsaga e Igeribar se unieron al de Ituren bajo un mismo alcalde, y en la documentaci\u00f3n de los siglos XVI y XVII el conjunto de ellos aparece denominado, a veces, como Tierra de Ituren, Val de Ituren y Valle de Ituren. De hecho, en el escudo del molino, reedificado en 1782, puede leerse la inscripci\u00f3n La valle de Ituren.<\/p>\n<p>Algo despu\u00e9s de la unificaci\u00f3n, en el a\u00f1o 1600, Ituren adquiri\u00f3 el t\u00edtulo de Villa. Las reuniones concejiles o batzarres se celebraban desde antiguo en la iglesia parroquial, dentro de ella o en su entorno (atrio, era o casa pegante a la misma), hasta que a mediados del siglo XVIII, tras construirse la actual Casa Consistorial, pasaron a celebrarse en la misma.<\/p>\n<p>La reducci\u00f3n a la actual situaci\u00f3n de tres barrios (Ituren, Aurtitz y Latsaga) se debe a que el barrio de Igeribar, a partir del siglo XIX qued\u00f3 incluido en el de Latsaga. Las casas situadas en la parte Noroeste del barrio de Ituren, al menos durante los siglos XVIII y XIX, constituyeron un barrio bajo la denominaci\u00f3n de Irugun, actualmente en desuso, pero cuyo testimonio queda patente en el nombre de la casa Irugunantsonea sita en dicho lugar.<\/p>\n<p>A partir del siglo XVII se fueron construyendo los caser\u00edos diseminados en el monte Ameztia, muchos de los cuales siguen habitados en la actualidad.<\/p>\n<h1><strong>Escudo<\/strong><\/h1>\n<p>Her\u00e1ldica municipal. Consta de trae de azur y la imagen de San Mart\u00edn de Tours (patrono de la Villa), sobre un caballo blanco, con peto de acero y casco empenachado, partiendo su capa con un mendigo cojo, apoyado en su muleta. Detr\u00e1s del mendigo un \u00e1rbol de s\u00ednople y en el cant\u00f3n siniestro del jefe, sobre el \u00e1rbol, un lucero de ocho puntas de oro. El mencionado escudo puede verse en las fachadas de la Casa Consistorial, de la Posada de Aurtitz y del antiguo Molino.<\/p>\n<h1><strong>Personajes Ilustres<\/strong><\/h1>\n<p><strong>MART\u00cdN ABERRO (Ituren 1526 &#8211; Valencia 1596):<\/strong>Despu\u00e9s de ordenado sacerdote, ingres\u00f3 en la Compa\u00f1\u00eda de Jes\u00fas, en Valencia, el a\u00f1o 1556. Fue director espiritual del pintor Juan de Juanes a quien sugiri\u00f3 algunas de sus obras sobre la Virgen, especialmente el cuadro de la Pur\u00edsima Concepci\u00f3n que se conserva en la iglesia del Sagrado Coraz\u00f3n de Valencia. Dado que en el siglo XVI era habitual llevar como apellido el nombre de la casa, es posible que Mart\u00edn Alberro fuera natural de la actual casa Alberroa, la cual, adem\u00e1s, se documenta durante el siglo XVI bajo el nombre de Alberro.<\/p>\n<p><strong>TOM\u00c1S DE ITUREN (Ituren 1556 &#8211; Toledo 1630):<\/strong><\/p>\n<p>En 1577, tras realizar los estudios de teolog\u00eda, ingres\u00f3 en la Compa\u00f1\u00eda de Jes\u00fas en Alcal\u00e1. Ejerci\u00f3 la docencia en Alcal\u00e1, Belmonte, Valencia y Murcia. Public\u00f3 en 1619 un libro acerca de la dignidad y excelencia de la doctrina de Santo Tom\u00e1s, con una Apolog\u00eda sobre los aspectos m\u00e1s complicados de su teolog\u00eda y filosof\u00eda. El Padre P\u00e9rez Goyena que ha analizado su obra, lo califica como \u00abeximio te\u00f3logo\u00bb. Tom\u00e1s de Ituren firma bajo el seud\u00f3nimo Thoma Pio a Ponte Lerinensi, en el que incluye, como puede verse, la referencia expl\u00edcita al nombre del valle hist\u00f3rico Santesteban de Ler\u00edn, al que pertenec\u00eda su pueblo natal que, a su vez, coincide con su apellido. Del hecho de que llevara por apellido Ituren, se puede deducir que Tom\u00e1s de Ituren era hijo del Palacio de Ituren, dado que durante gran parte de los siglos XVI y XVII sus sucesivos due\u00f1os se apellidaban Ituren y \u00e9ste no aparece como apellido en la referencia de ninguna otra casa del mencionado per\u00edodo. Los \u00faltimos a\u00f1os de su vida estuvo en Toledo, donde muri\u00f3.<\/p>\n<p><strong>LOS BIZARRON:<\/strong><\/p>\n<p>En el barrio de Aurtitz existe la casa Bizarronea, que en el siglo XVI y gran parte del XVII se documenta como Bizarron. Cabe, por tanto, suponer que el apellido hace referencia al nombre de la casa. Pablo Bizarron, natural de la casa Perosantzenea del antiguo barrio de Igeribar, actualmente incluido en el de Latsaga, emigr\u00f3 en el siglo XVII a la ciudad gaditana de Puerto de Santa Mar\u00eda, donde contrajo matrimonio con Mar\u00eda de Egiarreta. Su hijo Juan de Bizarron y Egiarreta, nacido en la mencionada ciudad en 1682, fue can\u00f3nigo arcediano de la catedral de Sevilla y posteriormente arzobispo de Mexico y virrey de Nueva Espa\u00f1a. Desde all\u00ed envi\u00f3 como obsequio a la seo hispalense seis grandes candelabros de 1,85 metros de altura (iguales a la estatura del propio donante) de buena plata mexicana, que en la actualidad forman parte del altar mayor de la catedral. Los citados candelabros adquirieron la denominaci\u00f3n de bizarrones. Posteriormente, el t\u00e9rmino bizarr\u00f3n fue incluido en el Diccionario de la Real Academia de la Lengua Espa\u00f1ola para significar \u00abcandelabro grande\u00bb o \u00abbland\u00f3n\u00bb. Por otra parte, el citado arzobispo fund\u00f3 en el estado mexicano de Quer\u00e9taro el pueblo denominado Vizarr\u00f3n. Como puede verse, el oic\u00f3nimo y apellido Bizarron de Ituren ha dado origen tanto al vocablo de la lengua espa\u00f1ola para significar, a trav\u00e9s de una falsa etimolog\u00eda, \u00abcandelabro grande\u00bb o \u00abbland\u00f3n\u00bb como al nombre de un pueblo mexicano.<\/p>\n<p><strong>ERRAMUN JOAKIN:<\/strong><\/p>\n<p>Erramun Joakin Sunbil Telletxea, naci\u00f3 el a\u00f1o 1755 en la casa Berdabioa del barrio de Ituren. Cencerrero de oficio, fue acusado de haber fundido la imagen de cobre de San Cristobal para hacer cencerros. Los versos alusivos al hecho han sido transmitidos oralmente en la canci\u00f3n popular Ituringo arotza, ampliamente difundida por toda Euskal Herria. La letra dice as\u00ed:<\/p>\n<ol start=\"1\">\n<li>Ituringo arotza Erramun Joakin,Haserre omen zaude, zeren dugun jakin;Santurik ez daiteke fiatu zurekin,San Kristobal urtuta joareak egin.<\/li>\n<li>Arotzak erran dio bere andreari,Urtu behar dinagu, ekarran santu hori.Gizona hago isilik! Bekatu duk hori.Ez zionagu erranen sekulan inori.<\/li>\n<li>Ituringo joare e(g)ile Ramuntxo Joakin,Haserre omen zaude, zeren dudan jakin,Konfesa zaitez ongi erretorarekin,Ez dute zer fidatu santuek zurekin.<\/li>\n<li>Kobrezko santurikan inon bazarete,Egoten ahal zarete hemendik aparte,Baldin arotz horiek jakiten badute,Joareak egiteko urtuko zaituzte.<\/li>\n<li>Elizako serorak, ermitauak ere,Bakoitza zeun tokitan egon zaitez(te) erne,Bertzela arotz horiek jakiten badute,Elizako santuak ihes joanen dire.<\/li>\n<li>Arotzak erran dio bere andreari,Begira zaion ongi joare multzoari,Soinuan bilatuta denak zeuden ongi,Koinatak ez bagindu saldu, Joana Mari.<\/li>\n<\/ol>\n<p><strong>JUAN BAUTISTA LABAIEN ZUBIETA (Ituren 1887 &#8211; ):<\/strong><\/p>\n<p>Sacerdote, doctor en Filosof\u00eda y Teolog\u00eda. Autor, en colaboraci\u00f3n con Don Blas Go\u00f1i de la Gram\u00e1tica hebrea te\u00f3rico-pr\u00e1ctica, con un Ap\u00e9ndice de arameo b\u00edblico, editada en Pamplona en 1919. Natural de la casa Migeltxonea del barrio de Aurtitz, al igual que su hermano.<\/p>\n<p><strong>ILDEFONSO LABAIEN ZUBIETA\u00a0(Ituren 1897 &#8211; Pamplona 1952):<\/strong><\/p>\n<p>Prestigioso m\u00e9dico-cirujano que ejerci\u00f3 su profesi\u00f3n fundamentalmente en Pamplona, donde fund\u00f3 la cl\u00ednica San Francisco Javier. El Ayuntamiento de la capital le dedic\u00f3 su reconocimiento con la asignaci\u00f3n de una calle con su nombre: Calle del Doctor Labaien (en el barrio de San Jorge de Pamplona).<\/p>\n<h1><strong>Curiosidades<\/strong><\/h1>\n<p><strong>BATZARRES:<\/strong><\/p>\n<p>Desde comienzos del siglo XVI hasta mediados del XVIII, el lugar utilizado para la realizaci\u00f3n de los Batzarres o reuniones era el entorno de la iglesia parroquial, es decir, el interior de la iglesia o cementerio, la era, el atrio y la casa que est\u00e1n junto a la iglesia. \u00ab&#8230; en el portegado de la yglessia parroquial del se\u00f1or sant martyn e tibur\u00e7ci de ahurtiz&#8230;.\u00bb ; \u00ab&#8230; en la cassa que esta junto a la yglessia parroquial&#8230;\u00bb.<\/p>\n<p>En 1756 hubo un pleito entre los barrios de Ituren y Aurtitz. Mientras los vecinos de Aurtitz se mostraban defensores de seguir celebrando los batzarres en el cubierto junto a la iglesia, los del barrio de Ituren eran partidarios de realizarlos en la casa concejil del barrio de Ituren, construida en la d\u00e9cada anterior. El pleito se sald\u00f3 a favor de la propuesta de Ituren.<\/p>\n<p>Aurtitz tambi\u00e9n tuvo por escenario la era de Beruetenea o Berueteneko Larraina para tratar los asuntos concernientes a dicho lugar. \u00ab&#8230;en el lugar de aurtiz en la pla\u00e7a que esta delante de la cassa de machin beruete estando presentes y juntos en ba\u00e7arre&#8230;\u00bb.<\/p>\n<p><strong>PALACIO DE SAGARDIA:<\/strong><\/p>\n<p>Aparece como de cabo de armer\u00eda en la n\u00f3mina oficial del Reino. Ya en 1513, el palaciano de Ituren estaba entre los caballeros remisionados de la Merindad de las Monta\u00f1as.<\/p>\n<p>Seg\u00fan un informe de la C\u00e1mara de Comptos del a\u00f1o 1723, en esa fecha pertenec\u00eda a don Juan Bautista Cortajarena.<\/p>\n<p>En 1784 solicit\u00f3 el rebate de cuarteles Francisca de Aguirre y Ust\u00e1riz, como madre y tutora de Jos\u00e9 Joaqu\u00edn de Alduncin y Aguirre. Hacia el a\u00f1o 1790 pertenec\u00eda a don Jos\u00e9 Joaqu\u00edn de Alducin y Aguirre.<\/p>\n<p>Seg\u00fan el libro de armer\u00eda, el escudo de este solar era en el siglo XVI dos fajas de azur en campo de oro.<\/p>\n<p><strong>FUNDACI\u00d3N:<\/strong><\/p>\n<p>El a\u00f1o 1857 se estableci\u00f3 en Ituren por Don Pedro Domezain una fundaci\u00f3n piadosa dedicada a la creaci\u00f3n de escuelas de ambos sexos. Cooper\u00f3 a ello do\u00f1a Mar\u00eda Jes\u00fas Ochandorena, para igual fin y misa diaria.<\/p>\n<\/div>\n<p><\/p>","protected":false},"excerpt":{"rendered":"<p>Categor\u00eda Hist\u00f3rica: Villa. Categor\u00eda Administrativa: Municipio. Partido Judicial: Pamplona. Merindad: Pamplona. Comarca geogr\u00e1fica: Valle de Santesteban. Poblaci\u00f3n en 2006: 477 habitantes. Superficie: 15,4 Km\u00b2. Densidad de poblaci\u00f3n: 30,649 habitantes\/Km\u00b2. Altitud en el Ayuntamiento: 225 metros. Comunicaciones: Se encuentra situado en&hellip; <\/p>\n","protected":false},"author":2,"featured_media":547,"parent":0,"menu_order":6,"comment_status":"closed","ping_status":"closed","template":"","meta":{"_monsterinsights_skip_tracking":false,"_monsterinsights_sitenote_active":false,"_monsterinsights_sitenote_note":"","_monsterinsights_sitenote_category":0,"footnotes":""},"class_list":["post-6","page","type-page","status-publish","has-post-thumbnail","hentry"],"yoast_head":"<!-- This site is optimized with the Yoast SEO plugin v26.8 - https:\/\/yoast.com\/product\/yoast-seo-wordpress\/ -->\r\n<title>ITUREN - Ayuntamiento de Ituren<\/title>\r\n<meta name=\"robots\" content=\"index, follow, max-snippet:-1, max-image-preview:large, max-video-preview:-1\" \/>\r\n<link rel=\"canonical\" href=\"http:\/\/www.ituren.eus\/araitz\/\" \/>\r\n<meta property=\"og:locale\" content=\"es_ES\" \/>\r\n<meta property=\"og:type\" content=\"article\" \/>\r\n<meta property=\"og:title\" content=\"ITUREN - Ayuntamiento de Ituren\" \/>\r\n<meta property=\"og:description\" content=\"Categor\u00eda Hist\u00f3rica: Villa. Categor\u00eda Administrativa: Municipio. Partido Judicial: Pamplona. Merindad: Pamplona. Comarca geogr\u00e1fica: Valle de Santesteban. Poblaci\u00f3n en 2006: 477 habitantes. Superficie: 15,4 Km\u00b2. Densidad de poblaci\u00f3n: 30,649 habitantes\/Km\u00b2. Altitud en el Ayuntamiento: 225 metros. Comunicaciones: Se encuentra situado en&hellip;\" \/>\r\n<meta property=\"og:url\" content=\"http:\/\/www.ituren.eus\/araitz\/\" \/>\r\n<meta property=\"og:site_name\" content=\"Ayuntamiento de Ituren\" \/>\r\n<meta property=\"article:modified_time\" content=\"2018-06-26T07:39:19+00:00\" \/>\r\n<meta property=\"og:image\" content=\"http:\/\/www.ituren.eus\/wp-content\/uploads\/sites\/84\/2017\/03\/s1.jpg\" \/>\r\n\t<meta property=\"og:image:width\" content=\"1018\" \/>\r\n\t<meta property=\"og:image:height\" content=\"275\" \/>\r\n\t<meta property=\"og:image:type\" content=\"image\/jpeg\" \/>\r\n<meta name=\"twitter:card\" content=\"summary_large_image\" \/>\r\n<meta name=\"twitter:label1\" content=\"Tiempo de lectura\" \/>\n\t<meta name=\"twitter:data1\" content=\"21 minutos\" \/>\r\n<script type=\"application\/ld+json\" class=\"yoast-schema-graph\">{\"@context\":\"https:\/\/schema.org\",\"@graph\":[{\"@type\":\"WebPage\",\"@id\":\"http:\/\/www.ituren.eus\/araitz\/\",\"url\":\"http:\/\/www.ituren.eus\/araitz\/\",\"name\":\"ITUREN - Ayuntamiento de Ituren\",\"isPartOf\":{\"@id\":\"http:\/\/www.ituren.eus\/es\/#website\"},\"primaryImageOfPage\":{\"@id\":\"http:\/\/www.ituren.eus\/araitz\/#primaryimage\"},\"image\":{\"@id\":\"http:\/\/www.ituren.eus\/araitz\/#primaryimage\"},\"thumbnailUrl\":\"http:\/\/www.ituren.eus\/wp-content\/uploads\/sites\/84\/2017\/03\/s1.jpg\",\"datePublished\":\"2012-03-01T13:01:41+00:00\",\"dateModified\":\"2018-06-26T07:39:19+00:00\",\"breadcrumb\":{\"@id\":\"http:\/\/www.ituren.eus\/araitz\/#breadcrumb\"},\"inLanguage\":\"es\",\"potentialAction\":[{\"@type\":\"ReadAction\",\"target\":[\"http:\/\/www.ituren.eus\/araitz\/\"]}]},{\"@type\":\"ImageObject\",\"inLanguage\":\"es\",\"@id\":\"http:\/\/www.ituren.eus\/araitz\/#primaryimage\",\"url\":\"http:\/\/www.ituren.eus\/wp-content\/uploads\/sites\/84\/2017\/03\/s1.jpg\",\"contentUrl\":\"http:\/\/www.ituren.eus\/wp-content\/uploads\/sites\/84\/2017\/03\/s1.jpg\",\"width\":1018,\"height\":275,\"caption\":\"Slider 1\"},{\"@type\":\"BreadcrumbList\",\"@id\":\"http:\/\/www.ituren.eus\/araitz\/#breadcrumb\",\"itemListElement\":[{\"@type\":\"ListItem\",\"position\":1,\"name\":\"Portada\",\"item\":\"http:\/\/www.ituren.eus\/es\/\"},{\"@type\":\"ListItem\",\"position\":2,\"name\":\"ITUREN\"}]},{\"@type\":\"WebSite\",\"@id\":\"http:\/\/www.ituren.eus\/es\/#website\",\"url\":\"http:\/\/www.ituren.eus\/es\/\",\"name\":\"Ayuntamiento de Ituren\",\"description\":\"Ayuntamiento de Ituren\",\"potentialAction\":[{\"@type\":\"SearchAction\",\"target\":{\"@type\":\"EntryPoint\",\"urlTemplate\":\"http:\/\/www.ituren.eus\/es\/?s={search_term_string}\"},\"query-input\":{\"@type\":\"PropertyValueSpecification\",\"valueRequired\":true,\"valueName\":\"search_term_string\"}}],\"inLanguage\":\"es\"}]}<\/script>\r\n<!-- \/ Yoast SEO plugin. -->","yoast_head_json":{"title":"ITUREN - Ayuntamiento de Ituren","robots":{"index":"index","follow":"follow","max-snippet":"max-snippet:-1","max-image-preview":"max-image-preview:large","max-video-preview":"max-video-preview:-1"},"canonical":"http:\/\/www.ituren.eus\/araitz\/","og_locale":"es_ES","og_type":"article","og_title":"ITUREN - Ayuntamiento de Ituren","og_description":"Categor\u00eda Hist\u00f3rica: Villa. Categor\u00eda Administrativa: Municipio. Partido Judicial: Pamplona. Merindad: Pamplona. Comarca geogr\u00e1fica: Valle de Santesteban. Poblaci\u00f3n en 2006: 477 habitantes. Superficie: 15,4 Km\u00b2. Densidad de poblaci\u00f3n: 30,649 habitantes\/Km\u00b2. Altitud en el Ayuntamiento: 225 metros. Comunicaciones: Se encuentra situado en&hellip;","og_url":"http:\/\/www.ituren.eus\/araitz\/","og_site_name":"Ayuntamiento de Ituren","article_modified_time":"2018-06-26T07:39:19+00:00","og_image":[{"width":1018,"height":275,"url":"http:\/\/www.ituren.eus\/wp-content\/uploads\/sites\/84\/2017\/03\/s1.jpg","type":"image\/jpeg"}],"twitter_card":"summary_large_image","twitter_misc":{"Tiempo de lectura":"21 minutos"},"schema":{"@context":"https:\/\/schema.org","@graph":[{"@type":"WebPage","@id":"http:\/\/www.ituren.eus\/araitz\/","url":"http:\/\/www.ituren.eus\/araitz\/","name":"ITUREN - Ayuntamiento de Ituren","isPartOf":{"@id":"http:\/\/www.ituren.eus\/es\/#website"},"primaryImageOfPage":{"@id":"http:\/\/www.ituren.eus\/araitz\/#primaryimage"},"image":{"@id":"http:\/\/www.ituren.eus\/araitz\/#primaryimage"},"thumbnailUrl":"http:\/\/www.ituren.eus\/wp-content\/uploads\/sites\/84\/2017\/03\/s1.jpg","datePublished":"2012-03-01T13:01:41+00:00","dateModified":"2018-06-26T07:39:19+00:00","breadcrumb":{"@id":"http:\/\/www.ituren.eus\/araitz\/#breadcrumb"},"inLanguage":"es","potentialAction":[{"@type":"ReadAction","target":["http:\/\/www.ituren.eus\/araitz\/"]}]},{"@type":"ImageObject","inLanguage":"es","@id":"http:\/\/www.ituren.eus\/araitz\/#primaryimage","url":"http:\/\/www.ituren.eus\/wp-content\/uploads\/sites\/84\/2017\/03\/s1.jpg","contentUrl":"http:\/\/www.ituren.eus\/wp-content\/uploads\/sites\/84\/2017\/03\/s1.jpg","width":1018,"height":275,"caption":"Slider 1"},{"@type":"BreadcrumbList","@id":"http:\/\/www.ituren.eus\/araitz\/#breadcrumb","itemListElement":[{"@type":"ListItem","position":1,"name":"Portada","item":"http:\/\/www.ituren.eus\/es\/"},{"@type":"ListItem","position":2,"name":"ITUREN"}]},{"@type":"WebSite","@id":"http:\/\/www.ituren.eus\/es\/#website","url":"http:\/\/www.ituren.eus\/es\/","name":"Ayuntamiento de Ituren","description":"Ayuntamiento de Ituren","potentialAction":[{"@type":"SearchAction","target":{"@type":"EntryPoint","urlTemplate":"http:\/\/www.ituren.eus\/es\/?s={search_term_string}"},"query-input":{"@type":"PropertyValueSpecification","valueRequired":true,"valueName":"search_term_string"}}],"inLanguage":"es"}]}},"_links":{"self":[{"href":"http:\/\/www.ituren.eus\/es\/wp-json\/wp\/v2\/pages\/6","targetHints":{"allow":["GET"]}}],"collection":[{"href":"http:\/\/www.ituren.eus\/es\/wp-json\/wp\/v2\/pages"}],"about":[{"href":"http:\/\/www.ituren.eus\/es\/wp-json\/wp\/v2\/types\/page"}],"author":[{"embeddable":true,"href":"http:\/\/www.ituren.eus\/es\/wp-json\/wp\/v2\/users\/2"}],"replies":[{"embeddable":true,"href":"http:\/\/www.ituren.eus\/es\/wp-json\/wp\/v2\/comments?post=6"}],"version-history":[{"count":1,"href":"http:\/\/www.ituren.eus\/es\/wp-json\/wp\/v2\/pages\/6\/revisions"}],"predecessor-version":[{"id":7454,"href":"http:\/\/www.ituren.eus\/es\/wp-json\/wp\/v2\/pages\/6\/revisions\/7454"}],"wp:featuredmedia":[{"embeddable":true,"href":"http:\/\/www.ituren.eus\/es\/wp-json\/wp\/v2\/media\/547"}],"wp:attachment":[{"href":"http:\/\/www.ituren.eus\/es\/wp-json\/wp\/v2\/media?parent=6"}],"curies":[{"name":"wp","href":"https:\/\/api.w.org\/{rel}","templated":true}]}}